{"id":100,"date":"2023-05-14T19:52:02","date_gmt":"2023-05-14T17:52:02","guid":{"rendered":"https:\/\/jolie.difadi.net\/?page_id=100"},"modified":"2023-06-21T12:00:03","modified_gmt":"2023-06-21T10:00:03","slug":"politica-de-privacidad","status":"publish","type":"page","link":"https:\/\/centrolaserzamora.com\/en\/politica-de-privacidad\/","title":{"rendered":"Pol\u00edtica de privacidad"},"content":{"rendered":"<div id=\"cntnt\">\n<ol>\n<li>1. Objeto<\/li>\n<li>2. Propiedad del Sitio<\/li>\n<li>3. Funcionamiento del sitio<\/li>\n<li>4. Comportamiento de los usuarios. Prohibiciones<\/li>\n<li>5. Zonas protegidas del sitio web<\/li>\n<li>6. Propiedad intelectual e industrial<\/li>\n<li>7. Protecci\u00f3n de Datos y Pol\u00edtica de privacidad<\/li>\n<li>8. Pol\u00edtica del uso de Cookies<\/li>\n<li>9. Informaci\u00f3n transmitida por los Usuarios<\/li>\n<li>10. Exclusi\u00f3n de garant\u00edas y Responsabilidades<\/li>\n<li>11. Limitaci\u00f3n de responsabilidad<\/li>\n<li>12. Derecho de exclusi\u00f3n y nulidad parcial<\/li>\n<li>13. Legislaci\u00f3n aplicable y Jurisdicci\u00f3n<\/li>\n<li>14. Duraci\u00f3n y revisi\u00f3n<\/li>\n<\/ol>\n<p>&nbsp;<\/p>\n<p><strong>1. Objeto<\/strong><\/p>\n<p>1.1. Las presentes condiciones legales regulan el uso y las condiciones de acceso del sitio web\u00a0<strong>http:\/\/www.centrolarsezamora.com<\/strong>\u00a0(de ahora en adelante el -sitio-), p\u00e1gina web propiedad de\u00a0<strong>RAZON SOCIAL EMPRESA<\/strong>\u00a0(en adelante\u00a0<strong>JOLIE<\/strong>),<\/p>\n<p>1.2. El uso o el acceso a este sitio implica que el que lee este documento (en adelante -usuario-) reconoce haber le\u00eddo y comprendido las presentes condiciones legales de uso, y acuerda cumplirlas en su totalidad.<\/p>\n<p>1.3. Si el usuario no est\u00e1 de acuerdo con alguna de las presentes condiciones deber\u00e1 dejar de acceder a este sitio.<\/p>\n<p>&nbsp;<\/p>\n<p><strong>2. Propiedad del Sitio<\/strong><\/p>\n<p>2.1. En conformidad con la Ley 34\/2002, de 11 de julio y dem\u00e1s legislaci\u00f3n aplicable se informa que este sitio web\u00a0<strong>http:\/\/www.centrolarserzamora.com<\/strong>\u00a0es propiedad de la entidad f\u00edsca\u00a0<strong>RAZON SOCIAL EMPRESA<\/strong>.<\/p>\n<p>2.2. Dicha entidad tiene su domicilio social en\u00a0<strong>Calle Lope de Vega, 8. 49012 &#8211; Zamora<\/strong>.<\/p>\n<p>2.3. Se puede contactar con\u00a0<strong>JOLIE<\/strong>\u00a0en los n\u00fameros de tel\u00e9fono\u00a0<strong>636 873 290 &#8211; 980 540 038<\/strong>\u00a0o a trav\u00e9s del correo\u00a0<strong>info@centrolarserzamora.com<\/strong><\/p>\n<p>2.4. Salvo que expresamente se establezca de otro modo, las comunicaciones con\u00a0<strong>JOLIE<\/strong>\u00a0se podr\u00e1n realizar mediante correo ordinario en la direcci\u00f3n f\u00edsica o mediante correo electr\u00f3nico. La compa\u00f1\u00eda se pondr\u00e1 en contacto con el usuario v\u00eda correo electr\u00f3nico, en la direcci\u00f3n que obre en su poder o le sea facilitada al respecto o por tel\u00e9fono cuando este se facilite.<\/p>\n<p>&nbsp;<\/p>\n<p><strong>3. Funcionamiento del sitio<\/strong><\/p>\n<p>3.1.\u00a0<strong>JOLIE<\/strong>\u00a0se reserva el derecho a modificar, en cualquier momento, unilateralmente y sin necesidad de previa notificaci\u00f3n a sus usuarios, los contenidos, la estructura, el funcionamiento o las condiciones de acceso de este sitio.<\/p>\n<p>3.2. As\u00ed mismo\u00a0<strong>JOLIE<\/strong>\u00a0se reserva el derecho a suspender temporalmente, sin necesidad de previo aviso, el acceso a este sitio para realizar operaciones de mantenimiento, actualizaci\u00f3n, mejora o de reparaci\u00f3n.<\/p>\n<p>3.3. Est\u00e1 prohibido que el usuario utilice este sitio web para el env\u00edo, la transmisi\u00f3n o la publicaci\u00f3n de cualquier material ilegal, amenazante, calumnioso, difamatorio, propagand\u00edstico, escandaloso, obsceno, pornogr\u00e1fico, o cualquier otro material que pudiera dar lugar a responsabilidades civiles o penales conforme a la legislaci\u00f3n aplicable, hechos \u00e9stos de los que en cualquier caso ser\u00e1 responsable el usuario.<\/p>\n<p>3.4.\u00a0<strong>JOLIE<\/strong>\u00a0tampoco garantiza que este sitio web o los servidores que lo alojan est\u00e9n libres de virus y de otro tipo de software potencialmente peligroso, as\u00ed como la disponibilidad, continuidad, utilidad e infalibilidad del funcionamiento de este sitio, de sus servicios o sus contenidos; ni la licitud, fiabilidad o utilidad de la informaci\u00f3n y contenidos suministrados por terceros a trav\u00e9s de este sitio.<\/p>\n<p>3.5. Con car\u00e1cter general s\u00f3lo podr\u00e1n usar este sitio las personas f\u00edsicas y jur\u00eddicas con capacidad jur\u00eddica suficiente de acuerdo con la legislaci\u00f3n aplicable. De modo excepcional podr\u00e1n usar el sitio menores de edad que hayan obtenido previamente la autorizaci\u00f3n de sus padres o tutores legales, los cuales ser\u00e1n responsables del uso que el menor a su cargo haga del sitio.<\/p>\n<p>&nbsp;<\/p>\n<p>4.\u00a0<strong>Comportamiento de los usuarios. Prohibiciones<\/strong><\/p>\n<p>4.1. El uso de los contenidos y servicios ofrecidos por\u00a0<strong>JOLIE<\/strong>\u00a0ser\u00e1 bajo el exclusivo riesgo y responsabilidad del usuario.<\/p>\n<p>4.2. La compa\u00f1\u00eda no asume ning\u00fan deber o compromiso de verificar ni de vigilar los contenidos e informaciones introducidos por los usuarios.<\/p>\n<p>4.3. El usuario se compromete a utilizar el sitio web y todo su contenido y servicios de un modo diligente, siempre con sujeci\u00f3n a la Ley, a las buenas costumbres, y a las presentes condiciones generales, manteniendo siempre el respeto hacia los dem\u00e1s usuarios.<\/p>\n<p>4.4. Asimismo, el usuario se compromete a hacer un uso adecuado de los materiales e informaciones contenidos en el sitio web, no emple\u00e1ndolos para realizar actividades il\u00edcitas o constitutivas de delito, que atenten contra los derechos de terceros, o que infrinjan la regulaci\u00f3n sobre propiedad intelectual e industrial, o cualesquiera otras normas del ordenamiento jur\u00eddico aplicable, siendo el \u00fanico responsable frente a\u00a0<strong>JOLIE<\/strong>\u00a0y a terceros por el incumplimiento de lo aqu\u00ed establecido.<\/p>\n<p>4.5. El usuario se compromete a no trasmitir, introducir, difundir o poner a disposici\u00f3n de terceros, cualquier tipo de material e informaci\u00f3n contrarios a la Ley, a la moral, al orden p\u00fablico y a las presentes condiciones generales de uso.<\/p>\n<p>4.6. En todo caso, el usuario habr\u00e1 de aportar siempre una informaci\u00f3n veraz que no pueda llevar a ning\u00fan tipo de confusi\u00f3n, as\u00ed como datos identificativos correctos, y nunca suplantando a terceros o en nombre de \u00e9stos.<\/p>\n<p>&nbsp;<\/p>\n<p><strong>5. Zonas protegidas del sitio web<\/strong><\/p>\n<p>5.1. Generalmente para el acceso a los servicios de\u00a0<strong>JOLIE<\/strong>\u00a0no ser\u00e1 necesario la suscripci\u00f3n o registro del usuario.<\/p>\n<p>5.2. La utilizaci\u00f3n de determinados servicios podr\u00e1 estar condicionada a la previa obtenci\u00f3n de una cuenta personal mediante el registro del usuario. Este registro se efectuar\u00e1 en la forma expresamente se\u00f1alada en el sitio web.<\/p>\n<p>5.3. Este sitio puede contener zonas de acceso restringido, protegidas por identificadores y contrase\u00f1as u otros mecanismos de seguridad. El usuario no intentar\u00e1 acceder a estas zonas de acceso restringido si no est\u00e1 debidamente autorizado por\u00a0<strong>JOLIE<\/strong>, ni intentar\u00e1 soslayar o manipular los mecanismos de protecci\u00f3n establecidos por ella.<\/p>\n<p>5.4. El usuario que haya sido autorizado por\u00a0<strong>JOLIE<\/strong>\u00a0para acceder a alguna de estas zonas protegidas ser\u00e1 el exclusivo responsable de mantener en estricto secreto, y no divulgar a terceros, los identificadores, contrase\u00f1as y dem\u00e1s m\u00e9todos de seguridad que\u00a0<strong>JOLIE<\/strong>\u00a0ponga a su disposici\u00f3n para acceder a las zonas protegidas. El usuario ser\u00e1 por tanto el \u00fanico responsable de los da\u00f1os que se deriven de no mantener en secreto los mecanismos de seguridad mencionados.<\/p>\n<p>Se comunica al usuario que el intento de acceso no autorizado a las zonas de acceso restringido de este sitio puede estar sujeto a responsabilidad civil y\/o penal.<\/p>\n<p>&nbsp;<\/p>\n<p><strong>6. Propiedad intelectual e industrial<\/strong><\/p>\n<p>6.1. Todos los contenidos del sitio, incluyendo a t\u00edtulo enunciativo y no limitativo, las marcas comerciales, logotipos, gr\u00e1ficos, im\u00e1genes, archivos de sonido y v\u00eddeo, software, c\u00f3digo de programaci\u00f3n, textos, iconos, y los nombres que identifican servicios (en adelante -los materiales-) son propiedad de\u00a0<strong>JOLIE<\/strong>\u00a0y est\u00e1n protegidos por la legislaci\u00f3n vigente en materia de derechos de propiedad intelectual e industrial.<\/p>\n<p>6.2. El acceso del usuario a este sitio no implica ning\u00fan tipo de renuncia, transmisi\u00f3n ni cesi\u00f3n, total o parcial, de dichos derechos de propiedad, por esta raz\u00f3n, el acceso a estos contenidos o elementos no otorga, bajo ning\u00fan concepto, al usuario la posibilidad de su copia, venta, modificaci\u00f3n, reproducci\u00f3n, publicaci\u00f3n, cesi\u00f3n, transmisi\u00f3n, o creaci\u00f3n de nuevos productos o servicios derivados de la informaci\u00f3n y elementos aqu\u00ed contenidos.<\/p>\n<p>6.3. Es por ello que el usuario de este sitio no podr\u00e1, salvo previa autorizaci\u00f3n expresa y por escrito de\u00a0<strong>JOLIE<\/strong>\u00a0copiar, distribuir, descargar, modificar, suprimir, borrar, alterar, publicar, transmitir, o aprovecharse de cualquier forma de los materiales que contiene.<\/p>\n<p>6.4. El usuario no adquiere derechos o licencia en relaci\u00f3n con el servicio ni los elementos en el mismo, excepto el derecho limitado a utilizar el servicio de acuerdo con las condiciones aplicables. \u00danicamente podr\u00e1 utilizar los contenidos o elementos a los que acceda a trav\u00e9s de los servicios de\u00a0<strong>JOLIE<\/strong>\u00a0para su propio uso y necesidades, oblig\u00e1ndose a no realizar ni directa, ni indirectamente una explotaci\u00f3n comercial, ni de los servicios, ni de los materiales, elementos, o informaci\u00f3n obtenidos a trav\u00e9s de los mismos.<\/p>\n<p>&nbsp;<\/p>\n<p><strong>7. Protecci\u00f3n de Datos y Pol\u00edtica de privacidad<\/strong><\/p>\n<p>7.1. De acuerdo con lo establecido en la legislaci\u00f3n vigente en materia de protecci\u00f3n de datos de car\u00e1cter personal,\u00a0<strong>JOLIE<\/strong>\u00a0informa al usuario de la existencia de un fichero de datos de car\u00e1cter personal que contiene los datos que los usuarios introducen en el sitio, este fichero se denomina CLIENTES Y\/O PROVEEDORES y est\u00e1 convenientemente registrado en la AGENCIA ESPA\u00d1OLA DE PROTECCI\u00d3N DE DATOS.\u00a0<strong>JOLIE<\/strong>\u00a0es responsable del fichero.<\/p>\n<p>7.2. El usuario y titular de los datos queda informado, y presta su consentimiento inequ\u00edvoco, de que mediante la cumplimentaci\u00f3n de los diversos formularios sus datos personales quedar\u00e1n incorporados a los ficheros automatizados de\u00a0<strong>JOLIE<\/strong>, con el fin de poderle prestar y ofrecer nuestros servicios as\u00ed como mantener informado al usuario sobre los productos ofertados y aquellos otros que desde la empresa crea que puedan ser de su inter\u00e9s.<\/p>\n<p>7.3.\u00a0<strong>JOLIE<\/strong>\u00a0se compromete al cumplimiento de su obligaci\u00f3n de secreto con respecto a los datos de car\u00e1cter personal y al deber de tratarlos con confidencialidad. A estos efectos adoptar\u00e1 las medidas de seguridad establecidas por la ley para cada fichero seg\u00fan su contenido.<\/p>\n<p>7.4. El usuario podr\u00e1 ejercer sus derechos de acceso, rectificaci\u00f3n, cancelaci\u00f3n y oposici\u00f3n de sus datos de car\u00e1cter personal tal y como establece la ley. Para ello los clientes pueden dirigirse por correo electr\u00f3nico a la direcci\u00f3n\u00a0<strong>info(arroba)centrolaserzamora(punto)com\u00a0<\/strong>(asunto LOPD)<\/p>\n<p>7.5. Para el mejor cumplimiento de sus servicios, se encuentra obligado a facilitar determinados datos de sus clientes (nombre, direcci\u00f3n, tel\u00e9fono, etc.) a otras empresas que colaboran con la prestaci\u00f3n del servicio (transportistas, instaladores, entidades financieras, etc.). En todos los casos, los datos que se facilitan son los estrictamente necesarios para la actividad concreta que se vaya a realizar.<\/p>\n<p>&nbsp;<\/p>\n<p><strong>8. Pol\u00edtica del uso de Cookies<\/strong><\/p>\n<p><a href=\"https:\/\/centrolaserzamora.com\/en\/politica-de-cookies.html\/\">Leer texto ampliado con toda la informaci\u00f3n<\/a><\/p>\n<p>&nbsp;<\/p>\n<p><strong>9. Informaci\u00f3n transmitida por los Usuarios<\/strong><\/p>\n<p>9.1. Este sitio puede contener foros p\u00fablicos, salas de conversaci\u00f3n (-chats-) y otros mecanismos mediante los cuales los usuarios pueden expresar su opini\u00f3n e intercambiar archivos en formato electr\u00f3nico. Las informaciones, las comunicaciones y los ficheros que se env\u00eden a trav\u00e9s de estos foros y salas, junto con las direcciones de correo electr\u00f3nico y otras comunicaciones divulgadas por los usuarios no tendr\u00e1n la consideraci\u00f3n de material confidencial.<\/p>\n<p>&nbsp;<\/p>\n<p><strong>10. Exclusi\u00f3n de garant\u00edas y Responsabilidades<\/strong><\/p>\n<p>10.1.\u00a0<strong>JOLIE<\/strong>\u00a0no garantiza la disponibilidad, continuidad, utilidad e infalibilidad del funcionamiento de este sitio, de sus servicios o de sus contenidos; ni la fiabilidad o utilidad de la informaci\u00f3n y contenidos suministrados por terceros a trav\u00e9s de este sitio. Pese a que\u00a0<strong>JOLIE<\/strong>\u00a0realiza todo esfuerzo razonable para garantizar la disponibilidad, acceso, continuidad, e infalibilidad del funcionamiento y de sus servicios, no puede garantiza las mismas, pues pueden verse interferidas por numerosos factores ajenos a ella. En consecuencia, no ser\u00e1 responsable, (con los l\u00edmites establecidos en el ordenamiento jur\u00eddico vigente), por los da\u00f1os y perjuicios de toda naturaleza causados al usuario como consecuencia de la citada indisponibilidad, fallos de acceso y falta de continuidad.<\/p>\n<p>&nbsp;<\/p>\n<p><strong>11. Limitaci\u00f3n de responsabilidad<\/strong><\/p>\n<p>11.1. Este sitio puede contener v\u00ednculos (-links-), -banners-, -boxes-, -ventanas- y remisiones a otros sitios y p\u00e1ginas web que pueden no estar controlados por\u00a0<strong>JOLIE<\/strong>, y pese a tratarse de empresas de confianza, en estos casos\u00a0<strong>JOLIE<\/strong>\u00a0no se responsabilizar\u00e1 de los contenidos que puedan aparecer en dichas p\u00e1ginas, ni del trato que se d\u00e9 en ellas respecto de sus datos personales.<\/p>\n<p>11.2. El hecho de que al acceder a una determinada p\u00e1gina conste un -frame-, -marco- o -ventana- en cuya parte superior aparezca el nombre, logotipo, o alg\u00fan eslogan relativo a\u00a0<strong>JOLIE<\/strong>, en ning\u00fan caso implica que\u00a0<strong>JOLIE<\/strong>. sea la propietaria o titular de dichas p\u00e1ginas web, sino que los -frames- \u00fanicamente tienen una finalidad publicitaria, siendo los propietarios y titulares de las p\u00e1ginas web los que aparezcan identificados como tales en las mismas y, en especial, en la informaci\u00f3n legal o condiciones de uso de cada servicio.<\/p>\n<p>11.3.\u00a0<strong>JOLIE<\/strong>\u00a0no controla, vigila, aprueba o hace propios los contenidos de las p\u00e1ginas web a las que se acceda mediante dichos dispositivos de enlace, ni siquiera en los que consten los citados -frames- o marcos, y, por tanto, excluye cualquier responsabilidad por los da\u00f1os y perjuicios de toda clase que pudieren derivarse del acceso a las p\u00e1ginas o contenidos que enlacen directamente desde\u00a0<strong>JOLIE<\/strong>.<\/p>\n<p>11.4. El usuario entiende y acepta expresamente que cualquier tipo de contenido, software o cualquier otro tipo de material, que descargue u obtenga de cualquier otra forma a trav\u00e9s de este sitio se realiza por su cuenta y riesgo, y que \u00e9l como usuario ser\u00e1 el \u00fanico responsable de cualquier da\u00f1o o p\u00e9rdida de datos causados a sus sistemas inform\u00e1ticos.<\/p>\n<p>11.5.\u00a0<strong>JOLIE<\/strong>\u00a0ha puesto todos los medios razonables para asegurar que la informaci\u00f3n que contiene este sitio es correcta. No obstante, los usuarios del sitio aceptan conocer que parte de la informaci\u00f3n contenida en este sitio podr\u00eda ser incorrecta, estar incompleta o anticuada, o contener errores, en cuyo caso se agradecer\u00eda su comunicaci\u00f3n para proceder a subsanarlos a la mayor brevedad.<\/p>\n<p>&nbsp;<\/p>\n<p><strong>12. Derecho de exclusi\u00f3n y nulidad parcial<\/strong><\/p>\n<p>12.1.\u00a0<strong>JOLIE<\/strong>\u00a0se reserva el derecho de cancelar, eliminar, o desautorizar la utilizaci\u00f3n de todos o alguno de los servicios del sitio web a cualquier usuario sin necesidad de previo aviso si a su criterio, y en cualquier tipo de circunstancia, \u00e9ste estuviera realizando un uso incorrecto del mismo.<\/p>\n<p>12.2. Si un Tribunal competente resuelve que cualquiera de las disposiciones contenidas en estas condiciones legales es il\u00edcita o nula, tal disposici\u00f3n ser\u00e1 excluida si as\u00ed se requiriera legalmente. El usuario acepta expresamente que el resto de las disposiciones no excluidas no se ver\u00e1n modificadas, y que seguir\u00e1n teniendo plena vigencia.<\/p>\n<p>&nbsp;<\/p>\n<p><strong>13. Legislaci\u00f3n aplicable y Jurisdicci\u00f3n<\/strong><\/p>\n<p>13.1 Este sitio se encuentra ubicado y es operado desde Espa\u00f1a. Todas las cuestiones relativas a este sitio se rigen por las leyes espa\u00f1olas y se someten a la jurisdicci\u00f3n de los Juzgados y Tribunales competentes de Espa\u00f1a, sin que sean de aplicaci\u00f3n los principios sobre conflicto de leyes. En aquellos casos en que el usuario no tenga la condici\u00f3n de consumidor, o que tenga su domicilio fuera de Espa\u00f1a,\u00a0<strong>JOLIE<\/strong>\u00a0y el usuario se someter\u00e1n a los Juzgados y Tribunales de\u00a0<strong>CIUDAD<\/strong>\u00a0con renuncia expresa a cualquier otro fuero que pudiera corresponderles.<\/p>\n<p>13.2. Si el usuario decide utilizar o consultar este sitio desde fuera de Espa\u00f1a, deber\u00e1 tener presente que lo hace por propia iniciativa, y que es responsable del cumplimiento de las leyes locales pertinentes.<\/p>\n<p>&nbsp;<\/p>\n<p><strong>14. Duraci\u00f3n y revisi\u00f3n<\/strong><\/p>\n<p>14.1.\u00a0<strong>JOLIE<\/strong>\u00a0se reserva el derecho a revisar, unilateralmente y sin previo aviso, las presentes condiciones de uso en cualquier momento. Las condiciones revisadas entrar\u00e1n en vigor tan pronto queden publicadas en este sitio. Si el usuario hace uso habitual de este sitio deber\u00e1 revisar las condiciones con regularidad, y se abstendr\u00e1 de acceder al sitio si no considerara aceptables cualquiera de las condiciones revisadas.<\/p>\n<\/div>\n<div class=\"clear\"><\/div>\n<div id=\"ftr\">\n<div id=\"ftr-cntnt\"><\/div>\n<\/div>","protected":false},"excerpt":{"rendered":"<p>1. Objeto 2. Propiedad del Sitio 3. Funcionamiento del sitio 4. Comportamiento de los usuarios. Prohibiciones 5. Zonas protegidas del sitio web 6. Propiedad intelectual e industrial 7. Protecci\u00f3n de Datos y Pol\u00edtica de privacidad 8. Pol\u00edtica del uso de Cookies 9. Informaci\u00f3n transmitida por los Usuarios 10. Exclusi\u00f3n de garant\u00edas y Responsabilidades 11. Limitaci\u00f3n [&hellip;]<\/p>","protected":false},"author":1,"featured_media":0,"parent":0,"menu_order":0,"comment_status":"closed","ping_status":"closed","template":"","meta":{"footnotes":""},"class_list":["post-100","page","type-page","status-publish","hentry"],"acf":[],"_links":{"self":[{"href":"https:\/\/centrolaserzamora.com\/en\/wp-json\/wp\/v2\/pages\/100","targetHints":{"allow":["GET"]}}],"collection":[{"href":"https:\/\/centrolaserzamora.com\/en\/wp-json\/wp\/v2\/pages"}],"about":[{"href":"https:\/\/centrolaserzamora.com\/en\/wp-json\/wp\/v2\/types\/page"}],"author":[{"embeddable":true,"href":"https:\/\/centrolaserzamora.com\/en\/wp-json\/wp\/v2\/users\/1"}],"replies":[{"embeddable":true,"href":"https:\/\/centrolaserzamora.com\/en\/wp-json\/wp\/v2\/comments?post=100"}],"version-history":[{"count":3,"href":"https:\/\/centrolaserzamora.com\/en\/wp-json\/wp\/v2\/pages\/100\/revisions"}],"predecessor-version":[{"id":729,"href":"https:\/\/centrolaserzamora.com\/en\/wp-json\/wp\/v2\/pages\/100\/revisions\/729"}],"wp:attachment":[{"href":"https:\/\/centrolaserzamora.com\/en\/wp-json\/wp\/v2\/media?parent=100"}],"curies":[{"name":"wp","href":"https:\/\/api.w.org\/{rel}","templated":true}]}}